{"id":486,"date":"2023-11-21T15:47:45","date_gmt":"2023-11-21T15:47:45","guid":{"rendered":"http:\/\/tadelaktmarroqui.es\/index.php\/personalizar-cookies\/"},"modified":"2023-11-21T15:47:45","modified_gmt":"2023-11-21T15:47:45","slug":"personalizar-cookies","status":"publish","type":"page","link":"https:\/\/tadelaktmarroqui.es\/index.php\/personalizar-cookies\/","title":{"rendered":"Personalizar Cookies"},"content":{"rendered":"\n<div>\n      <div id=\"custom-cookies-eu-label\">\n          El sitio Web http:\/\/tadelaktmarroqui.es utiliza cookies propias y de terceros para su correcto funcionamiento y para fines anal\u00edticos y para mostrarte publicidad relacionada con sus preferencias en base a un perfil elaborado a partir de tus h\u00e1bitos de navegaci\u00f3n. Al hacer clic en el bot\u00f3n Aceptar, acepta el uso de estas tecnolog\u00edas y el procesamiento de sus datos para estos prop\u00f3sitos.          \n\n      <\/div>\n\n      <div id=\"custom-cookies-eu-buttons\" class=\"cookies-eu-buttons\">\n        <button id=\"custom-cookies-eu-reject\" class=\"cookies-eu-reject\">Rechazar<\/button>\n        <button id=\"custom-cookies-eu-accept\" class=\"cookies-eu-accept\">ACEPTAR TODAS LAS COOKIES<\/button><\/div>\n      <\/div>\n\n<br\/>\n<p>\n\tPuedes cambiar tus preferencias de cookies en cualquier momento si vuelves a la p\u00e1gina de Personalizar cookies, a la que puedes acceder a trav\u00e9s del Aviso de cookies. \n<\/p>\n\n<h3>Cookies t\u00e9cnicas<\/h3>\n<p>\n\tSon aquellas que permiten a los usuarios registrados navegar a trav\u00e9s del sitio Web, del \u00e1rea restringida y a utilizar sus diferentes funciones, como por ejemplo, el sistema de comentarios o el buscador y no pueden ser desactivadas.\n<\/p>\n\n<div class=\"custom-cookies-option\">\n  <h3>Cookies de an\u00e1lisis o medici\u00f3n<\/h3>\n  <span>\n    <input type=\"radio\" name=\"cookies-analytics-option\" value=\"true\" class=\"custom-cookies-radio\" data-consent=\"ANLTCS\" id=\"custom-cookies-accept-analytics\" >\n    <label for=\"custom-cookies-accept-analytics\">Activar<\/label>\n    &nbsp;&nbsp;\n    <input type=\"radio\" name=\"cookies-analytics-option\" value=\"false\" class=\"custom-cookies-radio\" data-consent=\"ANLTCS\" id=\"custom-cookies-reject-analytics\" \n    checked>\n    <label for=\"custom-cookies-reject-analytics\">Desactivar<\/label>\n<\/span>\n<\/div>\n\n<p>\n\tSon aquellas que, bien tratadas por el sitio Web o por terceros, permiten cuantificar el n\u00famero de usuarios y as\u00ed realizar la medici\u00f3n y an\u00e1lisis estad\u00edstico de la utilizaci\u00f3n que hacen los usuarios del sitio Web. Para ello se analiza la navegaci\u00f3n que realizas en este sitio Web con el fin de mejorarlo.\n<\/p>\n\n<div class=\"custom-cookies-option\">\n  <h3>Cookies sociales<\/h3>\n  <span>\n    <input type=\"radio\" name=\"cookies-social-option\" value=\"true\" class=\"custom-cookies-radio\" data-consent=\"SCLS\" id=\"custom-cookies-accept-social\" \n    >\n    <label for=\"custom-cookies-accept-social\">Activar<\/label>\n    &nbsp;&nbsp;\n    <input type=\"radio\" name=\"cookies-social-option\" value=\"false\" class=\"custom-cookies-radio\" data-consent=\"SCLS\" id=\"custom-cookies-reject-social\" \n    checked>\n    <label for=\"custom-cookies-reject-social\">Desactivar<\/label>\n<\/span>\n<\/div>\n\n<p>\n  Son establecidas por las plataformas de redes sociales para permitir a los usuarios compartir contenido con sus amigos y redes.  \n<\/p>\n\n","protected":false},"excerpt":{"rendered":"<p>El sitio Web https:\/\/tadelaktmarroqui.es utiliza cookies propias y de terceros para su correcto funcionamiento y para fines anal\u00edticos y para mostrarte publicidad relacionada con sus preferencias en base a un perfil elaborado a partir de tus h\u00e1bitos de navegaci\u00f3n. Al hacer clic en el bot\u00f3n Aceptar, acepta el uso de estas tecnolog\u00edas y el procesamiento [&hellip;]<\/p>\n","protected":false},"author":1,"featured_media":0,"parent":0,"menu_order":0,"comment_status":"closed","ping_status":"closed","template":"","meta":{"footnotes":""},"yoast_head":"<!-- This site is optimized with the Yoast SEO plugin v21.5 - https:\/\/yoast.com\/wordpress\/plugins\/seo\/ -->\n<title>Personalizar Cookies - Tadelakt<\/title>\n<meta name=\"description\" content=\"Tadelakt Marroqu\u00ed\" \/>\n<meta name=\"robots\" content=\"index, follow, max-snippet:-1, max-image-preview:large, max-video-preview:-1\" \/>\n<link rel=\"canonical\" href=\"https:\/\/tadelaktmarroqui.es\/index.php\/personalizar-cookies\/\" \/>\n<meta property=\"og:locale\" content=\"es_ES\" \/>\n<meta property=\"og:type\" content=\"article\" \/>\n<meta property=\"og:title\" content=\"Personalizar Cookies - Tadelakt\" \/>\n<meta property=\"og:description\" content=\"Tadelakt Marroqu\u00ed\" \/>\n<meta property=\"og:url\" content=\"https:\/\/tadelaktmarroqui.es\/index.php\/personalizar-cookies\/\" \/>\n<meta property=\"og:site_name\" content=\"Tadelakt\" \/>\n<meta property=\"og:image\" content=\"https:\/\/tadelaktmarroqui.es\/wp-content\/uploads\/2018\/04\/WhatsApp-Image-2020-06-10-at-16.59.59.jpeg\" \/>\n\t<meta property=\"og:image:width\" content=\"1488\" \/>\n\t<meta property=\"og:image:height\" content=\"1984\" \/>\n\t<meta property=\"og:image:type\" content=\"image\/jpeg\" \/>\n<meta name=\"twitter:card\" content=\"summary_large_image\" \/>\n<script type=\"application\/ld+json\" class=\"yoast-schema-graph\">{\"@context\":\"https:\/\/schema.org\",\"@graph\":[{\"@type\":\"WebPage\",\"@id\":\"https:\/\/tadelaktmarroqui.es\/index.php\/personalizar-cookies\/\",\"url\":\"https:\/\/tadelaktmarroqui.es\/index.php\/personalizar-cookies\/\",\"name\":\"Personalizar Cookies - Tadelakt\",\"isPartOf\":{\"@id\":\"https:\/\/tadelaktmarroqui.es\/#website\"},\"datePublished\":\"2023-11-21T15:47:45+00:00\",\"dateModified\":\"2023-11-21T15:47:45+00:00\",\"description\":\"Tadelakt Marroqu\u00ed\",\"breadcrumb\":{\"@id\":\"https:\/\/tadelaktmarroqui.es\/index.php\/personalizar-cookies\/#breadcrumb\"},\"inLanguage\":\"es\",\"potentialAction\":[{\"@type\":\"ReadAction\",\"target\":[\"https:\/\/tadelaktmarroqui.es\/index.php\/personalizar-cookies\/\"]}]},{\"@type\":\"BreadcrumbList\",\"@id\":\"https:\/\/tadelaktmarroqui.es\/index.php\/personalizar-cookies\/#breadcrumb\",\"itemListElement\":[{\"@type\":\"ListItem\",\"position\":1,\"name\":\"Portada\",\"item\":\"https:\/\/tadelaktmarroqui.es\/\"},{\"@type\":\"ListItem\",\"position\":2,\"name\":\"Personalizar Cookies\"}]},{\"@type\":\"WebSite\",\"@id\":\"https:\/\/tadelaktmarroqui.es\/#website\",\"url\":\"https:\/\/tadelaktmarroqui.es\/\",\"name\":\"Tadelakt marroqui\",\"description\":\"Tadelakt marroqui\",\"publisher\":{\"@id\":\"https:\/\/tadelaktmarroqui.es\/#\/schema\/person\/9fd329e816eee80172e7045131b9d41a\"},\"alternateName\":\"Tadelakt\",\"potentialAction\":[{\"@type\":\"SearchAction\",\"target\":{\"@type\":\"EntryPoint\",\"urlTemplate\":\"https:\/\/tadelaktmarroqui.es\/?s={search_term_string}\"},\"query-input\":\"required name=search_term_string\"}],\"inLanguage\":\"es\"},{\"@type\":[\"Person\",\"Organization\"],\"@id\":\"https:\/\/tadelaktmarroqui.es\/#\/schema\/person\/9fd329e816eee80172e7045131b9d41a\",\"name\":\"tadelakt\",\"image\":{\"@type\":\"ImageObject\",\"inLanguage\":\"es\",\"@id\":\"https:\/\/tadelaktmarroqui.es\/#\/schema\/person\/image\/\",\"url\":\"https:\/\/tadelaktmarroqui.es\/wp-content\/uploads\/2018\/04\/cropped-logo2.png\",\"contentUrl\":\"https:\/\/tadelaktmarroqui.es\/wp-content\/uploads\/2018\/04\/cropped-logo2.png\",\"width\":165,\"height\":65,\"caption\":\"tadelakt\"},\"logo\":{\"@id\":\"https:\/\/tadelaktmarroqui.es\/#\/schema\/person\/image\/\"}}]}<\/script>\n<!-- \/ Yoast SEO plugin. -->","yoast_head_json":{"title":"Personalizar Cookies - Tadelakt","description":"Tadelakt Marroqu\u00ed","robots":{"index":"index","follow":"follow","max-snippet":"max-snippet:-1","max-image-preview":"max-image-preview:large","max-video-preview":"max-video-preview:-1"},"canonical":"https:\/\/tadelaktmarroqui.es\/index.php\/personalizar-cookies\/","og_locale":"es_ES","og_type":"article","og_title":"Personalizar Cookies - Tadelakt","og_description":"Tadelakt Marroqu\u00ed","og_url":"https:\/\/tadelaktmarroqui.es\/index.php\/personalizar-cookies\/","og_site_name":"Tadelakt","og_image":[{"width":1488,"height":1984,"url":"https:\/\/tadelaktmarroqui.es\/wp-content\/uploads\/2018\/04\/WhatsApp-Image-2020-06-10-at-16.59.59.jpeg","type":"image\/jpeg"}],"twitter_card":"summary_large_image","schema":{"@context":"https:\/\/schema.org","@graph":[{"@type":"WebPage","@id":"https:\/\/tadelaktmarroqui.es\/index.php\/personalizar-cookies\/","url":"https:\/\/tadelaktmarroqui.es\/index.php\/personalizar-cookies\/","name":"Personalizar Cookies - Tadelakt","isPartOf":{"@id":"https:\/\/tadelaktmarroqui.es\/#website"},"datePublished":"2023-11-21T15:47:45+00:00","dateModified":"2023-11-21T15:47:45+00:00","description":"Tadelakt Marroqu\u00ed","breadcrumb":{"@id":"https:\/\/tadelaktmarroqui.es\/index.php\/personalizar-cookies\/#breadcrumb"},"inLanguage":"es","potentialAction":[{"@type":"ReadAction","target":["https:\/\/tadelaktmarroqui.es\/index.php\/personalizar-cookies\/"]}]},{"@type":"BreadcrumbList","@id":"https:\/\/tadelaktmarroqui.es\/index.php\/personalizar-cookies\/#breadcrumb","itemListElement":[{"@type":"ListItem","position":1,"name":"Portada","item":"https:\/\/tadelaktmarroqui.es\/"},{"@type":"ListItem","position":2,"name":"Personalizar Cookies"}]},{"@type":"WebSite","@id":"https:\/\/tadelaktmarroqui.es\/#website","url":"https:\/\/tadelaktmarroqui.es\/","name":"Tadelakt marroqui","description":"Tadelakt marroqui","publisher":{"@id":"https:\/\/tadelaktmarroqui.es\/#\/schema\/person\/9fd329e816eee80172e7045131b9d41a"},"alternateName":"Tadelakt","potentialAction":[{"@type":"SearchAction","target":{"@type":"EntryPoint","urlTemplate":"https:\/\/tadelaktmarroqui.es\/?s={search_term_string}"},"query-input":"required name=search_term_string"}],"inLanguage":"es"},{"@type":["Person","Organization"],"@id":"https:\/\/tadelaktmarroqui.es\/#\/schema\/person\/9fd329e816eee80172e7045131b9d41a","name":"tadelakt","image":{"@type":"ImageObject","inLanguage":"es","@id":"https:\/\/tadelaktmarroqui.es\/#\/schema\/person\/image\/","url":"https:\/\/tadelaktmarroqui.es\/wp-content\/uploads\/2018\/04\/cropped-logo2.png","contentUrl":"https:\/\/tadelaktmarroqui.es\/wp-content\/uploads\/2018\/04\/cropped-logo2.png","width":165,"height":65,"caption":"tadelakt"},"logo":{"@id":"https:\/\/tadelaktmarroqui.es\/#\/schema\/person\/image\/"}}]}},"_links":{"self":[{"href":"https:\/\/tadelaktmarroqui.es\/index.php\/wp-json\/wp\/v2\/pages\/486"}],"collection":[{"href":"https:\/\/tadelaktmarroqui.es\/index.php\/wp-json\/wp\/v2\/pages"}],"about":[{"href":"https:\/\/tadelaktmarroqui.es\/index.php\/wp-json\/wp\/v2\/types\/page"}],"author":[{"embeddable":true,"href":"https:\/\/tadelaktmarroqui.es\/index.php\/wp-json\/wp\/v2\/users\/1"}],"replies":[{"embeddable":true,"href":"https:\/\/tadelaktmarroqui.es\/index.php\/wp-json\/wp\/v2\/comments?post=486"}],"version-history":[{"count":0,"href":"https:\/\/tadelaktmarroqui.es\/index.php\/wp-json\/wp\/v2\/pages\/486\/revisions"}],"wp:attachment":[{"href":"https:\/\/tadelaktmarroqui.es\/index.php\/wp-json\/wp\/v2\/media?parent=486"}],"curies":[{"name":"wp","href":"https:\/\/api.w.org\/{rel}","templated":true}]}}